{"id":1045,"date":"2020-10-13T17:29:05","date_gmt":"2020-10-13T15:29:05","guid":{"rendered":"https:\/\/www.preiss-sap-consulting.de\/sap-add-ons\/"},"modified":"2026-03-02T02:46:07","modified_gmt":"2026-03-02T01:46:07","slug":"sap-add-ons","status":"publish","type":"page","link":"https:\/\/www.preiss-sap-consulting.de\/en\/sap-add-ons\/","title":{"rendered":"SAP Add-Ons"},"content":{"rendered":"<div  class='avia-slideshow av-khdakjyu-b52249e57ea20d8c10c3278c9f55b965 avia-slideshow-featured_large av_slideshow avia-slide-slider  avia-builder-el-0  el_before_av_one_full  avia-builder-el-first  av-slideshow-ui av-control-default av-slideshow-manual av-loop-once av-loop-manual-endless av-default-height-applied avia-slideshow-1' data-slideshow-options=\"{&quot;animation&quot;:&quot;slide&quot;,&quot;autoplay&quot;:false,&quot;loop_autoplay&quot;:&quot;once&quot;,&quot;interval&quot;:5,&quot;loop_manual&quot;:&quot;manual-endless&quot;,&quot;autoplay_stopper&quot;:false,&quot;noNavigation&quot;:false,&quot;bg_slider&quot;:false,&quot;keep_padding&quot;:false,&quot;hoverpause&quot;:false,&quot;show_slide_delay&quot;:0}\"  itemprop=\"image\" itemscope=\"itemscope\" itemtype=\"https:\/\/schema.org\/ImageObject\" ><ul class='avia-slideshow-inner ' style='padding-bottom: 42%;'><li  class='avia-slideshow-slide av-khdakjyu-b52249e57ea20d8c10c3278c9f55b965__0  av-single-slide slide-1 slide-odd'><div data-rel='slideshow-1' class='avia-slide-wrap '   ><img decoding=\"async\" fetchpriority=\"high\" class=\"wp-image-398 avia-img-lazy-loading-not-398\"  src=\"https:\/\/www.preiss-sap-consulting.de\/wp-content\/uploads\/2020\/11\/iStock-1174404895-1500x630.jpg\" width=\"1500\" height=\"630\" title='PREISS Consulting SAP Add-Ons' alt=''  itemprop=\"thumbnailUrl\"   \/><\/div><\/li><\/ul><\/div>\n\n<style type=\"text\/css\" data-created_by=\"avia_inline_auto\" id=\"style-css-av-nmn7-83734ce6e665f29c4eaf1f26aaba5834\">\n.flex_column.av-nmn7-83734ce6e665f29c4eaf1f26aaba5834{\nborder-radius:0px 0px 0px 0px;\npadding:0px 0px 0px 0px;\n}\n<\/style>\n<div  class='flex_column av-nmn7-83734ce6e665f29c4eaf1f26aaba5834 av_one_full  avia-builder-el-1  el_after_av_slideshow  avia-builder-el-last  first flex_column_div av-zero-column-padding  '     ><section  class='av_textblock_section av-kg85szeq-d674e355a40d6cb86c946842b428af28 '   itemscope=\"itemscope\" itemtype=\"https:\/\/schema.org\/CreativeWork\" ><div class='avia_textblock'  itemprop=\"text\" ><h1>SAP Add-Ons<\/h1>\n<p>You can purchase ready-to-run add-on developments from PREISS Consulting for some typical requirements. The add-ons work in <a href=\"https:\/\/www.sap.com\/germany\/products\/erp-financial-management\/small-business-erp.html\" target=\"_blank\" rel=\"noopener\">SAP ERP<\/a> and in <a href=\"https:\/\/www.sap.com\/germany\/products\/s4hana-erp.html\" target=\"_blank\" rel=\"noopener\">S4\/HANA<\/a> On-Premise or Private Cloud. They are based on ALV techniques and use SAP standard functions (BAPI, API) to read and change SAP objects whereever possible.\u00a0 The coding is well documented and structured so that it can be adpated easily, also from your developers. I could deliver versions with Fiori user interface if needed.<\/p>\n<p>Please <a href=\"mailto:kontakt@preiss-sap-consulting.de?subject=Add-On\">contact<\/a> my with your questions or\u00a0 price inquiries or if your are interested in similar developments.<\/p>\n<\/div><\/section><br \/>\n<div  id=\"av-sc-portfolio-1\"  class=\"av-portfolio-grid-sorting-container\"><div class='sort_width_container  av-sort-yes' data-portfolio-id='1' ><div id='js_sort_items' ><div class='sort_by_cat hidden'><a href=\"#\" data-filter=\"all_sort\" class=\"all_sort_button active_sort\"><span class=\"inner_sort_button\"><span>All<\/span><small class=\"av-cat-count\"> 4 <\/small><\/span><\/a><span class=\"text-sep add-on-en_sort_sep\">\/<\/span><a href=\"#\" data-filter=\"add-on-en_sort\" class=\"add-on-en_sort_button\" ><span class=\"inner_sort_button\"><span>Add-On<\/span><small class=\"av-cat-count\"> 4 <\/small><\/span><\/a><\/div><\/div><\/div><div class='portfolio_preview_container ' data-portfolio-id='1'>\n\t\t\t\t\t\t\t\t<div class='ajax_controlls iconfont'>\n\t\t\t\t\t\t\t\t\t<a href='#prev' class='ajax_previous' \taria-hidden='true' data-av_icon='\ue878' data-av_iconfont='entypo-fontello'><\/a>\n\t\t\t\t\t\t\t\t\t<a href='#next' class='ajax_next'\t\taria-hidden='true' data-av_icon='\ue879' data-av_iconfont='entypo-fontello'><\/a>\n\t\t\t\t\t\t\t\t\t<a class='avia_close' href='#close'\t\taria-hidden='true' data-av_icon='\ue814' data-av_iconfont='entypo-fontello'><\/a>\n\t\t\t\t\t\t\t\t<\/div>\n\t\t\t\t\t\t\t\t<div class='portfolio-details-inner'><\/div>\n\t\t\t\t\t\t\t<\/div><div  class=' grid-sort-container isotope   no_margin-container with-excerpt-container grid-total-even grid-col-4 grid-links-ajax' data-portfolio-id='1'><div data-ajax-id='2208' class=' grid-entry flex_column isotope-item all_sort no_margin post-entry post-entry-2208 grid-entry-overview grid-loop-1 grid-parity-odd  add-on-en_sort  av_one_fourth first default_av_fullwidth '><article class='main_color inner-entry'  itemscope=\"itemscope\" itemtype=\"https:\/\/schema.org\/CreativeWork\" ><a href=\"https:\/\/www.preiss-sap-consulting.de\/sap-add-ons\/abasc\/\" title='Advanced BOM Analytics \u2013 Supplier to Customer'  data-rel='grid-1' class='grid-image avia-hover-fx'> <img decoding=\"async\" fetchpriority=\"high\" width=\"800\" height=\"684\" src=\"https:\/\/www.preiss-sap-consulting.de\/wp-content\/uploads\/2026\/01\/Symbol_ABASC-800x684.jpg\" class=\"wp-image-2149 avia-img-lazy-loading-not-2149 attachment-gallery size-gallery wp-post-image\" alt=\"\" \/><\/a><div class='grid-content'><div class='avia-arrow'><\/div><header class=\"entry-content-header\"><h3 class='grid-entry-title entry-title '  itemprop=\"headline\" >Advanced BOM Analytics \u2013 Supplier to Customer<\/h3><\/header><div class='grid-entry-excerpt entry-content'  itemprop=\"text\" >Transparency across product structures \u2013 from supplier to customer and back<\/div><\/div><footer class=\"entry-footer\"><\/footer><\/article><\/div><div data-ajax-id='1894' class=' grid-entry flex_column isotope-item all_sort no_margin post-entry post-entry-1894 grid-entry-overview grid-loop-2 grid-parity-even  add-on-en_sort  av_one_fourth  default_av_fullwidth '><article class='main_color inner-entry'  itemscope=\"itemscope\" itemtype=\"https:\/\/schema.org\/CreativeWork\" ><a href=\"https:\/\/www.preiss-sap-consulting.de\/en\/portfolio-item\/teileverwendungs-browser\/\" title='Where Used BOM Browser'  data-rel='grid-1' class='grid-image avia-hover-fx'> <img decoding=\"async\" fetchpriority=\"high\" width=\"650\" height=\"657\" src=\"https:\/\/www.preiss-sap-consulting.de\/wp-content\/uploads\/2023\/12\/LOGO_Usage.jpg\" class=\"wp-image-1884 avia-img-lazy-loading-not-1884 attachment-gallery size-gallery wp-post-image\" alt=\"\" srcset=\"https:\/\/www.preiss-sap-consulting.de\/wp-content\/uploads\/2023\/12\/LOGO_Usage.jpg 650w, https:\/\/www.preiss-sap-consulting.de\/wp-content\/uploads\/2023\/12\/LOGO_Usage-297x300.jpg 297w, https:\/\/www.preiss-sap-consulting.de\/wp-content\/uploads\/2023\/12\/LOGO_Usage-80x80.jpg 80w, https:\/\/www.preiss-sap-consulting.de\/wp-content\/uploads\/2023\/12\/LOGO_Usage-36x36.jpg 36w\" sizes=\"(max-width: 650px) 100vw, 650px\" \/><\/a><div class='grid-content'><div class='avia-arrow'><\/div><header class=\"entry-content-header\"><h3 class='grid-entry-title entry-title '  itemprop=\"headline\" ><a href='https:\/\/www.preiss-sap-consulting.de\/en\/portfolio-item\/teileverwendungs-browser\/' title='Where Used BOM Browser'>Where Used BOM Browser<\/a><\/h3><\/header><div class='grid-entry-excerpt entry-content'  itemprop=\"text\" >Material BOM Usage Mass Evaluation<\/div><\/div><footer class=\"entry-footer\"><\/footer><\/article><\/div><div data-ajax-id='1192' class=' grid-entry flex_column isotope-item all_sort no_margin post-entry post-entry-1192 grid-entry-overview grid-loop-3 grid-parity-odd  add-on-en_sort  av_one_fourth  default_av_fullwidth '><article class='main_color inner-entry'  itemscope=\"itemscope\" itemtype=\"https:\/\/schema.org\/CreativeWork\" ><a href=\"https:\/\/www.preiss-sap-consulting.de\/en\/portfolio-item\/tabg-werkzeug\/\" title='TECO Tool'  data-rel='grid-1' class='grid-image avia-hover-fx'> <img decoding=\"async\" fetchpriority=\"high\" width=\"845\" height=\"684\" src=\"https:\/\/www.preiss-sap-consulting.de\/wp-content\/uploads\/2020\/11\/Addon_TECO-845x684.jpg\" class=\"wp-image-610 avia-img-lazy-loading-not-610 attachment-gallery size-gallery wp-post-image\" alt=\"\" srcset=\"https:\/\/www.preiss-sap-consulting.de\/wp-content\/uploads\/2020\/11\/Addon_TECO-845x684.jpg 845w, https:\/\/www.preiss-sap-consulting.de\/wp-content\/uploads\/2020\/11\/Addon_TECO-495x400.jpg 495w\" sizes=\"(max-width: 845px) 100vw, 845px\" \/><\/a><div class='grid-content'><div class='avia-arrow'><\/div><header class=\"entry-content-header\"><h3 class='grid-entry-title entry-title '  itemprop=\"headline\" ><a href='https:\/\/www.preiss-sap-consulting.de\/en\/portfolio-item\/tabg-werkzeug\/' title='TECO Tool'>TECO Tool<\/a><\/h3><\/header><div class='grid-entry-excerpt entry-content'  itemprop=\"text\" >Decision support for technically closing production orders<\/div><\/div><footer class=\"entry-footer\"><\/footer><\/article><\/div><div data-ajax-id='1187' class=' grid-entry flex_column isotope-item all_sort no_margin post-entry post-entry-1187 grid-entry-overview grid-loop-4 grid-parity-even  post-entry-last  add-on-en_sort  av_one_fourth  default_av_fullwidth '><article class='main_color inner-entry'  itemscope=\"itemscope\" itemtype=\"https:\/\/schema.org\/CreativeWork\" ><a href=\"https:\/\/www.preiss-sap-consulting.de\/en\/portfolio-item\/stuecklistenbrowser-mit-stammdatenpruefung\/\" title='BOM Browser with Master Data Checks'  data-rel='grid-1' class='grid-image avia-hover-fx'> <img decoding=\"async\" fetchpriority=\"high\" width=\"845\" height=\"684\" src=\"https:\/\/www.preiss-sap-consulting.de\/wp-content\/uploads\/2020\/11\/SAPAdons-845x684.jpg\" class=\"wp-image-602 avia-img-lazy-loading-not-602 attachment-gallery size-gallery wp-post-image\" alt=\"\" srcset=\"https:\/\/www.preiss-sap-consulting.de\/wp-content\/uploads\/2020\/11\/SAPAdons-845x684.jpg 845w, https:\/\/www.preiss-sap-consulting.de\/wp-content\/uploads\/2020\/11\/SAPAdons-495x400.jpg 495w\" sizes=\"(max-width: 845px) 100vw, 845px\" \/><\/a><div class='grid-content'><div class='avia-arrow'><\/div><header class=\"entry-content-header\"><h3 class='grid-entry-title entry-title '  itemprop=\"headline\" ><a href='https:\/\/www.preiss-sap-consulting.de\/en\/portfolio-item\/stuecklistenbrowser-mit-stammdatenpruefung\/' title='BOM Browser with Master Data Checks'>BOM Browser with Master Data Checks<\/a><\/h3><\/header><div class='grid-entry-excerpt entry-content'  itemprop=\"text\" >Mass viewer for mult-Level BOMs and essential master data <\/div><\/div><footer class=\"entry-footer\"><\/footer><\/article><\/div><\/div><\/div>   <!--   class=\"av-portfolio-grid-sorting-container\"  --><\/p><\/div>\n<div class=\"shariff shariff-align-flex-start shariff-widget-align-flex-start\"><ul class=\"shariff-buttons theme-white orientation-horizontal buttonsize-medium\"><li class=\"shariff-button mailto shariff-nocustomcolor\" style=\"background-color:#a8a8a8\"><a href=\"mailto:?body=https%3A%2F%2Fwww.preiss-sap-consulting.de%2Fen%2Fsap-add-ons%2F&subject=SAP%20Add-Ons\" title=\"Send by email\" aria-label=\"Send by email\" role=\"button\" rel=\"noopener nofollow\" class=\"shariff-link\" style=\"; background-color:#999; color:#999\"><span class=\"shariff-icon\" style=\"fill:#999\"><svg width=\"32px\" height=\"20px\" xmlns=\"http:\/\/www.w3.org\/2000\/svg\" viewBox=\"0 0 32 32\"><path fill=\"#999\" d=\"M32 12.7v14.2q0 1.2-0.8 2t-2 0.9h-26.3q-1.2 0-2-0.9t-0.8-2v-14.2q0.8 0.9 1.8 1.6 6.5 4.4 8.9 6.1 1 0.8 1.6 1.2t1.7 0.9 2 0.4h0.1q0.9 0 2-0.4t1.7-0.9 1.6-1.2q3-2.2 8.9-6.1 1-0.7 1.8-1.6zM32 7.4q0 1.4-0.9 2.7t-2.2 2.2q-6.7 4.7-8.4 5.8-0.2 0.1-0.7 0.5t-1 0.7-0.9 0.6-1.1 0.5-0.9 0.2h-0.1q-0.4 0-0.9-0.2t-1.1-0.5-0.9-0.6-1-0.7-0.7-0.5q-1.6-1.1-4.7-3.2t-3.6-2.6q-1.1-0.7-2.1-2t-1-2.5q0-1.4 0.7-2.3t2.1-0.9h26.3q1.2 0 2 0.8t0.9 2z\"\/><\/svg><\/span><span class=\"shariff-text\" style=\"color:#999\">email<\/span>&nbsp;<\/a><\/li><li class=\"shariff-button facebook shariff-nocustomcolor\" style=\"background-color:#4273c8\"><a href=\"https:\/\/www.facebook.com\/sharer\/sharer.php?u=https%3A%2F%2Fwww.preiss-sap-consulting.de%2Fen%2Fsap-add-ons%2F\" title=\"Share on Facebook\" aria-label=\"Share on Facebook\" role=\"button\" rel=\"nofollow\" class=\"shariff-link\" style=\"; background-color:#3b5998; color:#3b5998\" target=\"_blank\"><span class=\"shariff-icon\" style=\"fill:#3b5998\"><svg width=\"32px\" height=\"20px\" xmlns=\"http:\/\/www.w3.org\/2000\/svg\" viewBox=\"0 0 18 32\"><path fill=\"#3b5998\" d=\"M17.1 0.2v4.7h-2.8q-1.5 0-2.1 0.6t-0.5 1.9v3.4h5.2l-0.7 5.3h-4.5v13.6h-5.5v-13.6h-4.5v-5.3h4.5v-3.9q0-3.3 1.9-5.2t5-1.8q2.6 0 4.1 0.2z\"\/><\/svg><\/span><span class=\"shariff-text\" style=\"color:#3b5998\">share<\/span>&nbsp;<\/a><\/li><li class=\"shariff-button linkedin shariff-nocustomcolor\" style=\"background-color:#1488bf\"><a href=\"https:\/\/www.linkedin.com\/sharing\/share-offsite\/?url=https%3A%2F%2Fwww.preiss-sap-consulting.de%2Fen%2Fsap-add-ons%2F\" title=\"Share on LinkedIn\" aria-label=\"Share on LinkedIn\" role=\"button\" rel=\"noopener nofollow\" class=\"shariff-link\" style=\"; background-color:#0077b5; color:#0077b5\" target=\"_blank\"><span class=\"shariff-icon\" style=\"fill:#0077b5\"><svg width=\"32px\" height=\"20px\" xmlns=\"http:\/\/www.w3.org\/2000\/svg\" viewBox=\"0 0 27 32\"><path fill=\"#0077b5\" d=\"M6.2 11.2v17.7h-5.9v-17.7h5.9zM6.6 5.7q0 1.3-0.9 2.2t-2.4 0.9h0q-1.5 0-2.4-0.9t-0.9-2.2 0.9-2.2 2.4-0.9 2.4 0.9 0.9 2.2zM27.4 18.7v10.1h-5.9v-9.5q0-1.9-0.7-2.9t-2.3-1.1q-1.1 0-1.9 0.6t-1.2 1.5q-0.2 0.5-0.2 1.4v9.9h-5.9q0-7.1 0-11.6t0-5.3l0-0.9h5.9v2.6h0q0.4-0.6 0.7-1t1-0.9 1.6-0.8 2-0.3q3 0 4.9 2t1.9 6z\"\/><\/svg><\/span><span class=\"shariff-text\" style=\"color:#0077b5\">share<\/span>&nbsp;<\/a><\/li><li class=\"shariff-button twitter shariff-nocustomcolor\" style=\"background-color:#595959\"><a href=\"https:\/\/twitter.com\/share?url=https%3A%2F%2Fwww.preiss-sap-consulting.de%2Fen%2Fsap-add-ons%2F&text=SAP%20Add-Ons\" title=\"Share on X\" aria-label=\"Share on X\" role=\"button\" rel=\"noopener nofollow\" class=\"shariff-link\" style=\"; background-color:#000; color:#000\" target=\"_blank\"><span class=\"shariff-icon\" style=\"fill:#000\"><svg width=\"32px\" height=\"20px\" xmlns=\"http:\/\/www.w3.org\/2000\/svg\" viewBox=\"0 0 24 24\"><path fill=\"#000\" d=\"M14.258 10.152L23.176 0h-2.113l-7.747 8.813L7.133 0H0l9.352 13.328L0 23.973h2.113l8.176-9.309 6.531 9.309h7.133zm-2.895 3.293l-.949-1.328L2.875 1.56h3.246l6.086 8.523.945 1.328 7.91 11.078h-3.246zm0 0\"\/><\/svg><\/span><span class=\"shariff-text\" style=\"color:#000\">share<\/span>&nbsp;<\/a><\/li><li class=\"shariff-button printer shariff-nocustomcolor\" style=\"background-color:#a8a8a8\"><a href=\"javascript:window.print()\" title=\"print\" aria-label=\"print\" role=\"button\" rel=\"noopener nofollow\" class=\"shariff-link\" style=\"; background-color:#999; color:#999\"><span class=\"shariff-icon\" style=\"fill:#999\"><svg width=\"32px\" height=\"20px\" xmlns=\"http:\/\/www.w3.org\/2000\/svg\" viewBox=\"0 0 30 32\"><path fill=\"#999\" d=\"M6.8 27.4h16v-4.6h-16v4.6zM6.8 16h16v-6.8h-2.8q-0.7 0-1.2-0.5t-0.5-1.2v-2.8h-11.4v11.4zM27.4 17.2q0-0.5-0.3-0.8t-0.8-0.4-0.8 0.4-0.3 0.8 0.3 0.8 0.8 0.3 0.8-0.3 0.3-0.8zM29.7 17.2v7.4q0 0.2-0.2 0.4t-0.4 0.2h-4v2.8q0 0.7-0.5 1.2t-1.2 0.5h-17.2q-0.7 0-1.2-0.5t-0.5-1.2v-2.8h-4q-0.2 0-0.4-0.2t-0.2-0.4v-7.4q0-1.4 1-2.4t2.4-1h1.2v-9.7q0-0.7 0.5-1.2t1.2-0.5h12q0.7 0 1.6 0.4t1.3 0.8l2.7 2.7q0.5 0.5 0.9 1.4t0.4 1.6v4.6h1.1q1.4 0 2.4 1t1 2.4z\"\/><\/svg><\/span><span class=\"shariff-text\" style=\"color:#999\">print<\/span>&nbsp;<\/a><\/li><\/ul><\/div>","protected":false},"excerpt":{"rendered":"","protected":false},"author":1,"featured_media":610,"parent":0,"menu_order":0,"comment_status":"closed","ping_status":"closed","template":"","meta":{"footnotes":""},"class_list":["post-1045","page","type-page","status-publish","has-post-thumbnail","hentry"],"yoast_head":"<!-- This site is optimized with the Yoast SEO plugin v27.4 - https:\/\/yoast.com\/product\/yoast-seo-wordpress\/ -->\n<title>SAP Add-Ons - PREISS Consulting<\/title>\n<meta name=\"description\" content=\"Zusatzentwicklungen von PREISS Consulting f\u00fcr SAP PP wie TABG-Werkzeug oder St\u00fccklistenbrowser mit Stammdatenpr\u00fcfung. Diese Add-Ons sind f\u00fcr SAP ERP wie f\u00fcr S4\/HANA geeignet\" \/>\n<meta name=\"robots\" content=\"index, follow, max-snippet:-1, max-image-preview:large, max-video-preview:-1\" \/>\n<link rel=\"canonical\" href=\"https:\/\/www.preiss-sap-consulting.de\/en\/sap-add-ons\/\" \/>\n<meta property=\"og:locale\" content=\"en_US\" \/>\n<meta property=\"og:type\" content=\"article\" \/>\n<meta property=\"og:title\" content=\"SAP Add-Ons - PREISS Consulting\" \/>\n<meta property=\"og:description\" content=\"Zusatzentwicklungen von PREISS Consulting f\u00fcr SAP PP wie TABG-Werkzeug oder St\u00fccklistenbrowser mit Stammdatenpr\u00fcfung. Diese Add-Ons sind f\u00fcr SAP ERP wie f\u00fcr S4\/HANA geeignet\" \/>\n<meta property=\"og:url\" content=\"https:\/\/www.preiss-sap-consulting.de\/en\/sap-add-ons\/\" \/>\n<meta property=\"og:site_name\" content=\"PREISS Consulting\" \/>\n<meta property=\"article:publisher\" content=\"https:\/\/www.facebook.com\/PREISSconsulting\" \/>\n<meta property=\"article:modified_time\" content=\"2026-03-02T01:46:07+00:00\" \/>\n<meta property=\"og:image\" content=\"https:\/\/www.preiss-sap-consulting.de\/wp-content\/uploads\/2020\/11\/Addon_TECO-scaled.jpg\" \/>\n\t<meta property=\"og:image:width\" content=\"2560\" \/>\n\t<meta property=\"og:image:height\" content=\"2560\" \/>\n\t<meta property=\"og:image:type\" content=\"image\/jpeg\" \/>\n<meta name=\"twitter:card\" content=\"summary_large_image\" \/>\n<meta name=\"twitter:label1\" content=\"Est. reading time\" \/>\n\t<meta name=\"twitter:data1\" content=\"2 minutes\" \/>\n<script type=\"application\/ld+json\" class=\"yoast-schema-graph\">{\"@context\":\"https:\\\/\\\/schema.org\",\"@graph\":[{\"@type\":\"WebPage\",\"@id\":\"https:\\\/\\\/www.preiss-sap-consulting.de\\\/en\\\/sap-add-ons\\\/\",\"url\":\"https:\\\/\\\/www.preiss-sap-consulting.de\\\/en\\\/sap-add-ons\\\/\",\"name\":\"SAP Add-Ons - PREISS Consulting\",\"isPartOf\":{\"@id\":\"https:\\\/\\\/www.preiss-sap-consulting.de\\\/en\\\/#website\"},\"primaryImageOfPage\":{\"@id\":\"https:\\\/\\\/www.preiss-sap-consulting.de\\\/en\\\/sap-add-ons\\\/#primaryimage\"},\"image\":{\"@id\":\"https:\\\/\\\/www.preiss-sap-consulting.de\\\/en\\\/sap-add-ons\\\/#primaryimage\"},\"thumbnailUrl\":\"https:\\\/\\\/www.preiss-sap-consulting.de\\\/wp-content\\\/uploads\\\/2020\\\/11\\\/Addon_TECO-scaled.jpg\",\"datePublished\":\"2020-10-13T15:29:05+00:00\",\"dateModified\":\"2026-03-02T01:46:07+00:00\",\"description\":\"Zusatzentwicklungen von PREISS Consulting f\u00fcr SAP PP wie TABG-Werkzeug oder St\u00fccklistenbrowser mit Stammdatenpr\u00fcfung. Diese Add-Ons sind f\u00fcr SAP ERP wie f\u00fcr S4\\\/HANA geeignet\",\"breadcrumb\":{\"@id\":\"https:\\\/\\\/www.preiss-sap-consulting.de\\\/en\\\/sap-add-ons\\\/#breadcrumb\"},\"inLanguage\":\"en-US\",\"potentialAction\":[{\"@type\":\"ReadAction\",\"target\":[\"https:\\\/\\\/www.preiss-sap-consulting.de\\\/en\\\/sap-add-ons\\\/\"]}]},{\"@type\":\"ImageObject\",\"inLanguage\":\"en-US\",\"@id\":\"https:\\\/\\\/www.preiss-sap-consulting.de\\\/en\\\/sap-add-ons\\\/#primaryimage\",\"url\":\"https:\\\/\\\/www.preiss-sap-consulting.de\\\/wp-content\\\/uploads\\\/2020\\\/11\\\/Addon_TECO-scaled.jpg\",\"contentUrl\":\"https:\\\/\\\/www.preiss-sap-consulting.de\\\/wp-content\\\/uploads\\\/2020\\\/11\\\/Addon_TECO-scaled.jpg\",\"width\":2560,\"height\":2560},{\"@type\":\"BreadcrumbList\",\"@id\":\"https:\\\/\\\/www.preiss-sap-consulting.de\\\/en\\\/sap-add-ons\\\/#breadcrumb\",\"itemListElement\":[{\"@type\":\"ListItem\",\"position\":1,\"name\":\"Startseite\",\"item\":\"https:\\\/\\\/www.preiss-sap-consulting.de\\\/en\\\/\"},{\"@type\":\"ListItem\",\"position\":2,\"name\":\"SAP Add-Ons\"}]},{\"@type\":\"WebSite\",\"@id\":\"https:\\\/\\\/www.preiss-sap-consulting.de\\\/en\\\/#website\",\"url\":\"https:\\\/\\\/www.preiss-sap-consulting.de\\\/en\\\/\",\"name\":\"PREISS Consulting\",\"description\":\"Softwareentwicklung und SAP-Beratung\",\"publisher\":{\"@id\":\"https:\\\/\\\/www.preiss-sap-consulting.de\\\/en\\\/#organization\"},\"potentialAction\":[{\"@type\":\"SearchAction\",\"target\":{\"@type\":\"EntryPoint\",\"urlTemplate\":\"https:\\\/\\\/www.preiss-sap-consulting.de\\\/en\\\/?s={search_term_string}\"},\"query-input\":{\"@type\":\"PropertyValueSpecification\",\"valueRequired\":true,\"valueName\":\"search_term_string\"}}],\"inLanguage\":\"en-US\"},{\"@type\":\"Organization\",\"@id\":\"https:\\\/\\\/www.preiss-sap-consulting.de\\\/en\\\/#organization\",\"name\":\"PREISS Consulting\",\"url\":\"https:\\\/\\\/www.preiss-sap-consulting.de\\\/en\\\/\",\"logo\":{\"@type\":\"ImageObject\",\"inLanguage\":\"en-US\",\"@id\":\"https:\\\/\\\/www.preiss-sap-consulting.de\\\/en\\\/#\\\/schema\\\/logo\\\/image\\\/\",\"url\":\"https:\\\/\\\/www.preiss-sap-consulting.de\\\/wp-content\\\/uploads\\\/2020\\\/10\\\/preisssapconsultinglogo340-1.jpg\",\"contentUrl\":\"https:\\\/\\\/www.preiss-sap-consulting.de\\\/wp-content\\\/uploads\\\/2020\\\/10\\\/preisssapconsultinglogo340-1.jpg\",\"width\":340,\"height\":165,\"caption\":\"PREISS Consulting\"},\"image\":{\"@id\":\"https:\\\/\\\/www.preiss-sap-consulting.de\\\/en\\\/#\\\/schema\\\/logo\\\/image\\\/\"},\"sameAs\":[\"https:\\\/\\\/www.facebook.com\\\/PREISSconsulting\",\"https:\\\/\\\/www.linkedin.com\\\/in\\\/martin-preiss-5b766249\\\/\"]}]}<\/script>\n<!-- \/ Yoast SEO plugin. -->","yoast_head_json":{"title":"SAP Add-Ons - PREISS Consulting","description":"Zusatzentwicklungen von PREISS Consulting f\u00fcr SAP PP wie TABG-Werkzeug oder St\u00fccklistenbrowser mit Stammdatenpr\u00fcfung. Diese Add-Ons sind f\u00fcr SAP ERP wie f\u00fcr S4\/HANA geeignet","robots":{"index":"index","follow":"follow","max-snippet":"max-snippet:-1","max-image-preview":"max-image-preview:large","max-video-preview":"max-video-preview:-1"},"canonical":"https:\/\/www.preiss-sap-consulting.de\/en\/sap-add-ons\/","og_locale":"en_US","og_type":"article","og_title":"SAP Add-Ons - PREISS Consulting","og_description":"Zusatzentwicklungen von PREISS Consulting f\u00fcr SAP PP wie TABG-Werkzeug oder St\u00fccklistenbrowser mit Stammdatenpr\u00fcfung. Diese Add-Ons sind f\u00fcr SAP ERP wie f\u00fcr S4\/HANA geeignet","og_url":"https:\/\/www.preiss-sap-consulting.de\/en\/sap-add-ons\/","og_site_name":"PREISS Consulting","article_publisher":"https:\/\/www.facebook.com\/PREISSconsulting","article_modified_time":"2026-03-02T01:46:07+00:00","og_image":[{"width":2560,"height":2560,"url":"https:\/\/www.preiss-sap-consulting.de\/wp-content\/uploads\/2020\/11\/Addon_TECO-scaled.jpg","type":"image\/jpeg"}],"twitter_card":"summary_large_image","twitter_misc":{"Est. reading time":"2 minutes"},"schema":{"@context":"https:\/\/schema.org","@graph":[{"@type":"WebPage","@id":"https:\/\/www.preiss-sap-consulting.de\/en\/sap-add-ons\/","url":"https:\/\/www.preiss-sap-consulting.de\/en\/sap-add-ons\/","name":"SAP Add-Ons - PREISS Consulting","isPartOf":{"@id":"https:\/\/www.preiss-sap-consulting.de\/en\/#website"},"primaryImageOfPage":{"@id":"https:\/\/www.preiss-sap-consulting.de\/en\/sap-add-ons\/#primaryimage"},"image":{"@id":"https:\/\/www.preiss-sap-consulting.de\/en\/sap-add-ons\/#primaryimage"},"thumbnailUrl":"https:\/\/www.preiss-sap-consulting.de\/wp-content\/uploads\/2020\/11\/Addon_TECO-scaled.jpg","datePublished":"2020-10-13T15:29:05+00:00","dateModified":"2026-03-02T01:46:07+00:00","description":"Zusatzentwicklungen von PREISS Consulting f\u00fcr SAP PP wie TABG-Werkzeug oder St\u00fccklistenbrowser mit Stammdatenpr\u00fcfung. Diese Add-Ons sind f\u00fcr SAP ERP wie f\u00fcr S4\/HANA geeignet","breadcrumb":{"@id":"https:\/\/www.preiss-sap-consulting.de\/en\/sap-add-ons\/#breadcrumb"},"inLanguage":"en-US","potentialAction":[{"@type":"ReadAction","target":["https:\/\/www.preiss-sap-consulting.de\/en\/sap-add-ons\/"]}]},{"@type":"ImageObject","inLanguage":"en-US","@id":"https:\/\/www.preiss-sap-consulting.de\/en\/sap-add-ons\/#primaryimage","url":"https:\/\/www.preiss-sap-consulting.de\/wp-content\/uploads\/2020\/11\/Addon_TECO-scaled.jpg","contentUrl":"https:\/\/www.preiss-sap-consulting.de\/wp-content\/uploads\/2020\/11\/Addon_TECO-scaled.jpg","width":2560,"height":2560},{"@type":"BreadcrumbList","@id":"https:\/\/www.preiss-sap-consulting.de\/en\/sap-add-ons\/#breadcrumb","itemListElement":[{"@type":"ListItem","position":1,"name":"Startseite","item":"https:\/\/www.preiss-sap-consulting.de\/en\/"},{"@type":"ListItem","position":2,"name":"SAP Add-Ons"}]},{"@type":"WebSite","@id":"https:\/\/www.preiss-sap-consulting.de\/en\/#website","url":"https:\/\/www.preiss-sap-consulting.de\/en\/","name":"PREISS Consulting","description":"Softwareentwicklung und SAP-Beratung","publisher":{"@id":"https:\/\/www.preiss-sap-consulting.de\/en\/#organization"},"potentialAction":[{"@type":"SearchAction","target":{"@type":"EntryPoint","urlTemplate":"https:\/\/www.preiss-sap-consulting.de\/en\/?s={search_term_string}"},"query-input":{"@type":"PropertyValueSpecification","valueRequired":true,"valueName":"search_term_string"}}],"inLanguage":"en-US"},{"@type":"Organization","@id":"https:\/\/www.preiss-sap-consulting.de\/en\/#organization","name":"PREISS Consulting","url":"https:\/\/www.preiss-sap-consulting.de\/en\/","logo":{"@type":"ImageObject","inLanguage":"en-US","@id":"https:\/\/www.preiss-sap-consulting.de\/en\/#\/schema\/logo\/image\/","url":"https:\/\/www.preiss-sap-consulting.de\/wp-content\/uploads\/2020\/10\/preisssapconsultinglogo340-1.jpg","contentUrl":"https:\/\/www.preiss-sap-consulting.de\/wp-content\/uploads\/2020\/10\/preisssapconsultinglogo340-1.jpg","width":340,"height":165,"caption":"PREISS Consulting"},"image":{"@id":"https:\/\/www.preiss-sap-consulting.de\/en\/#\/schema\/logo\/image\/"},"sameAs":["https:\/\/www.facebook.com\/PREISSconsulting","https:\/\/www.linkedin.com\/in\/martin-preiss-5b766249\/"]}]}},"_links":{"self":[{"href":"https:\/\/www.preiss-sap-consulting.de\/en\/wp-json\/wp\/v2\/pages\/1045","targetHints":{"allow":["GET"]}}],"collection":[{"href":"https:\/\/www.preiss-sap-consulting.de\/en\/wp-json\/wp\/v2\/pages"}],"about":[{"href":"https:\/\/www.preiss-sap-consulting.de\/en\/wp-json\/wp\/v2\/types\/page"}],"author":[{"embeddable":true,"href":"https:\/\/www.preiss-sap-consulting.de\/en\/wp-json\/wp\/v2\/users\/1"}],"replies":[{"embeddable":true,"href":"https:\/\/www.preiss-sap-consulting.de\/en\/wp-json\/wp\/v2\/comments?post=1045"}],"version-history":[{"count":4,"href":"https:\/\/www.preiss-sap-consulting.de\/en\/wp-json\/wp\/v2\/pages\/1045\/revisions"}],"predecessor-version":[{"id":2259,"href":"https:\/\/www.preiss-sap-consulting.de\/en\/wp-json\/wp\/v2\/pages\/1045\/revisions\/2259"}],"wp:featuredmedia":[{"embeddable":true,"href":"https:\/\/www.preiss-sap-consulting.de\/en\/wp-json\/wp\/v2\/media\/610"}],"wp:attachment":[{"href":"https:\/\/www.preiss-sap-consulting.de\/en\/wp-json\/wp\/v2\/media?parent=1045"}],"curies":[{"name":"wp","href":"https:\/\/api.w.org\/{rel}","templated":true}]}}